{"id":1862,"date":"2021-07-22T18:15:29","date_gmt":"2021-07-22T17:15:29","guid":{"rendered":"http:\/\/autourdesjardins.net\/?page_id=1862"},"modified":"2021-07-22T18:16:59","modified_gmt":"2021-07-22T17:16:59","slug":"infos-flash","status":"publish","type":"page","link":"https:\/\/autourdesjardins.net\/?page_id=1862","title":{"rendered":"KEZAKO ???"},"content":{"rendered":"<p style=\"text-align: center;\"><span style=\"color: #0000ff;\"><strong>KEZAKO ???<\/strong><\/span><\/p>\n<p>Ci-joint 2 photos qui montrent un ph\u00e9nom\u00e8ne bizarre !<\/p>\n<p><a href=\"http:\/\/autourdesjardins.net\/wp-content\/uploads\/2021\/07\/IMG-20210722-WA0000.jpg\"><img decoding=\"async\" loading=\"lazy\" class=\"alignnone size-medium wp-image-2007\" src=\"http:\/\/autourdesjardins.net\/wp-content\/uploads\/2021\/07\/IMG-20210722-WA0000-225x300.jpg\" alt=\"\" width=\"225\" height=\"300\" srcset=\"https:\/\/autourdesjardins.net\/wp-content\/uploads\/2021\/07\/IMG-20210722-WA0000-225x300.jpg 225w, https:\/\/autourdesjardins.net\/wp-content\/uploads\/2021\/07\/IMG-20210722-WA0000-768x1024.jpg 768w, https:\/\/autourdesjardins.net\/wp-content\/uploads\/2021\/07\/IMG-20210722-WA0000-113x150.jpg 113w, https:\/\/autourdesjardins.net\/wp-content\/uploads\/2021\/07\/IMG-20210722-WA0000-600x800.jpg 600w, https:\/\/autourdesjardins.net\/wp-content\/uploads\/2021\/07\/IMG-20210722-WA0000-1152x1536.jpg 1152w, https:\/\/autourdesjardins.net\/wp-content\/uploads\/2021\/07\/IMG-20210722-WA0000.jpg 1200w\" sizes=\"(max-width: 225px) 100vw, 225px\" \/><\/a> <a href=\"http:\/\/autourdesjardins.net\/wp-content\/uploads\/2021\/07\/IMG-20210722-WA0001.jpg\"><img decoding=\"async\" loading=\"lazy\" class=\"alignnone size-medium wp-image-2008\" src=\"http:\/\/autourdesjardins.net\/wp-content\/uploads\/2021\/07\/IMG-20210722-WA0001-225x300.jpg\" alt=\"\" width=\"225\" height=\"300\" srcset=\"https:\/\/autourdesjardins.net\/wp-content\/uploads\/2021\/07\/IMG-20210722-WA0001-225x300.jpg 225w, https:\/\/autourdesjardins.net\/wp-content\/uploads\/2021\/07\/IMG-20210722-WA0001-768x1024.jpg 768w, https:\/\/autourdesjardins.net\/wp-content\/uploads\/2021\/07\/IMG-20210722-WA0001-113x150.jpg 113w, https:\/\/autourdesjardins.net\/wp-content\/uploads\/2021\/07\/IMG-20210722-WA0001-600x800.jpg 600w, https:\/\/autourdesjardins.net\/wp-content\/uploads\/2021\/07\/IMG-20210722-WA0001-1152x1536.jpg 1152w, https:\/\/autourdesjardins.net\/wp-content\/uploads\/2021\/07\/IMG-20210722-WA0001.jpg 1200w\" sizes=\"(max-width: 225px) 100vw, 225px\" \/><\/a><\/p>\n<p>Nous sommes \u00e0 la recherche d&rsquo;une explication !<\/p>\n<p>Quelqu&rsquo;un peut-il nous donner les explications ?<\/p>\n<p>merci d&rsquo;avance<\/p>\n<p>reponse \u00e0 : <em>contact@autourdesjardins.net<\/em><\/p>\n","protected":false},"excerpt":{"rendered":"<p>KEZAKO ??? Ci-joint 2 photos qui montrent un ph\u00e9nom\u00e8ne bizarre ! Nous sommes \u00e0 la recherche d&rsquo;une explication ! Quelqu&rsquo;un peut-il nous donner les explications ? merci d&rsquo;avance reponse \u00e0 : contact@autourdesjardins.net<\/p>\n","protected":false},"author":4,"featured_media":0,"parent":0,"menu_order":0,"comment_status":"closed","ping_status":"closed","template":"","meta":{"ngg_post_thumbnail":0,"spay_email":""},"jetpack_sharing_enabled":true,"jetpack_shortlink":"https:\/\/wp.me\/P3ExMr-u2","_links":{"self":[{"href":"https:\/\/autourdesjardins.net\/index.php?rest_route=\/wp\/v2\/pages\/1862"}],"collection":[{"href":"https:\/\/autourdesjardins.net\/index.php?rest_route=\/wp\/v2\/pages"}],"about":[{"href":"https:\/\/autourdesjardins.net\/index.php?rest_route=\/wp\/v2\/types\/page"}],"author":[{"embeddable":true,"href":"https:\/\/autourdesjardins.net\/index.php?rest_route=\/wp\/v2\/users\/4"}],"replies":[{"embeddable":true,"href":"https:\/\/autourdesjardins.net\/index.php?rest_route=%2Fwp%2Fv2%2Fcomments&post=1862"}],"version-history":[{"count":11,"href":"https:\/\/autourdesjardins.net\/index.php?rest_route=\/wp\/v2\/pages\/1862\/revisions"}],"predecessor-version":[{"id":2016,"href":"https:\/\/autourdesjardins.net\/index.php?rest_route=\/wp\/v2\/pages\/1862\/revisions\/2016"}],"wp:attachment":[{"href":"https:\/\/autourdesjardins.net\/index.php?rest_route=%2Fwp%2Fv2%2Fmedia&parent=1862"}],"curies":[{"name":"wp","href":"https:\/\/api.w.org\/{rel}","templated":true}]}}